{"id":2539,"date":"2023-07-10T07:57:37","date_gmt":"2023-07-10T07:57:37","guid":{"rendered":"https:\/\/signex-poland.eu\/?page_id=2539"},"modified":"2023-09-29T13:01:40","modified_gmt":"2023-09-29T13:01:40","slug":"impressum","status":"publish","type":"page","link":"https:\/\/signex-poland.eu\/en\/impressum\/","title":{"rendered":"Impressum"},"content":{"rendered":"<div class=\"wpb-content-wrapper\"><div class=\"tm-row wpb_row vc_row-fluid vc_custom_1598517463448 tm-responsive-custom-76813591 vc_column-gap-default break-991-colum tm-zindex-0 vc_row container tm-bgimage-position-center_center\">\n\n\t\t\n\t <div class=\"vc_column-gap-default\"> \t\n\t\t\n\n<div class=\"wpb_column tm-column vc_column_container vc_col-sm-12 tm-zindex-0\">\n\t<div class=\"vc_column-inner\">\n\t\t\t\t<div class=\"wpb_wrapper\">\n\t\t\t<div class=\"tm-element-heading-wrapper tm-heading-inner tm-element-align-center tm-seperator-solid tm-heading-style-vertical  vc_custom_1688975930437\"><section class=\"tm-vc_cta3-container\"><div class=\"tm-vc_general tm-vc_cta3 tm-cta3-only tm-vc_cta3-style-classic tm-vc_cta3-shape-rounded tm-vc_cta3-align-center tm-vc_cta3-color-transparent tm-vc_cta3-icon-size-md tm-vc_cta3-actions-no tm-cta3-without-desc\"><div class=\"tm-vc_cta3_content-container\"><div class=\"tm-vc_cta3-content\"><header class=\"tm-vc_cta3-content-header tm-wrap\"><div class=\"tm-vc_cta3-headers tm-wrap-cell\"><h2 class=\"tm-custom-heading\" >Impressum<\/h2>\n<\/div><div class=\"heading-seperator\"><span><\/span><\/div><\/header><\/div><\/div><\/div><\/section><\/div> <!-- .tm-element-heading-wrapper container --> \n\t<div class=\"wpb_text_column wpb_content_element\" >\n\t\t<div class=\"wpb_wrapper\">\n\t\t\t<p><strong>Signex-Poland Sp.z o.o.<\/strong><br \/>\nGesch\u00e4ftsf\u00fchrung: Christian Mrazek<br \/>\nul. W\u00f3lczy\u0144ska 65\/46 \u00a0\u00a001-931 Warszawa<\/p>\n<p>Fon: +48 \u00a0791 304405<\/p>\n<p>E-Mail:\u00a0<a href=\"mailto:christian.mrazek@signex-poland.eu\">christian.mrazek@signex-poland.eu<\/a><\/p>\n<p><strong>Umsatzsteuer-Identifikations-Nr. <\/strong><\/p>\n<p>NIP:\u00a0\u00a0\u00a0\u00a0\u00a0\u00a0\u00a0\u00a0\u00a0\u00a0\u00a0\u00a0\u00a0 1182158930<br \/>\nEU VAT ID:\u00a0\u00a0\u00a0\u00a0 PL1182158930<\/p>\n<p>KRS:\u00a0\u00a0\u00a0\u00a0\u00a0\u00a0\u00a0\u00a0\u00a0\u00a0\u00a0\u00a0\u00a0 0000706457<\/p>\n<p>XII Wydzia\u0142 Gospodarczy S\u0105du Rejonowego Warszawy Kapita\u0142 zak\u0142adowy: 20 000 PLN<\/p>\n<p>REGON: \u00a0\u00a0\u00a0\u00a0\u00a0\u00a0\u00a0 36885240700000<\/p>\n<p><strong>Inhaltlich Verantwortliche gem\u00e4\u00df \u00a7 10 Absatz 3<\/strong>\u00a0<strong>MDStV:<\/strong><br \/>\nChristian Mrazek<\/p>\n<p><strong>Haftung f\u00fcr Inhalte<\/strong><br \/>\nAls Diensteanbieter sind wir gem\u00e4\u00df \u00a7 7 Abs.1\u00a0TMG\u00a0f\u00fcr eigene Inhalte auf diesen Seiten nach den allgemeinen Gesetzen verantwortlich. Nach \u00a7\u00a7 8 bis 10\u00a0TMG\u00a0sind wir als Diensteanbieter jedoch nicht verpflichtet, \u00fcbermittelte oder gespeicherte fremde Informationen zu \u00fcberwachen oder nach Umst\u00e4nden zu forschen, die auf eine rechtswidrige T\u00e4tigkeit hinweisen.<\/p>\n<p><strong>Haftung f\u00fcr Links<\/strong><br \/>\nUnser Angebot enth\u00e4lt Links zu externen Websites Dritter, auf deren Inhalte wir keinen Einfluss haben. Deshalb k\u00f6nnen wir f\u00fcr diese fremden Inhalte auch keine Gew\u00e4hr \u00fcbernehmen. F\u00fcr die Inhalte der verlinkten Seiten ist stets der jeweilige Anbieter oder Betreiber der Seiten verantwortlich. Die verlinkten Seiten wurden zum Zeitpunkt der Verlinkung auf m\u00f6gliche Rechtsverst\u00f6\u00dfe \u00fcberpr\u00fcft. Rechtswidrige Inhalte waren zum Zeitpunkt der Verlinkung nicht erkennbar.<\/p>\n<p>Eine permanente inhaltliche Kontrolle der verlinkten Seiten ist jedoch ohne konkrete Anhaltspunkte einer Rechtsverletzung nicht zumutbar. Bei Bekanntwerden von Rechtsverletzungen werden wir derartige Links umgehend entfernen.<\/p>\n<p><strong>Streitschlichtung<\/strong><br \/>\nDie Europ\u00e4ische Kommission stellt eine Plattform zur Online- Streitbeilegung (OS) bereit:\u00a0<a href=\"https:\/\/ec.europa.eu\/consumers\/odr\">ec.europa.eu\/consumers\/odr<\/a><br \/>\nUnsere E-Mail-Adresse finden Sie oben im Impressum.<\/p>\n<p>Wir sind nicht bereit oder verpflichtet, an Streitbeilegungsverfahren vor einer Verbraucherschlichtungsstelle teilzunehmen.<\/p>\n<p><strong>Urheberrecht<\/strong><br \/>\nDie durch die Seitenbetreiber erstellten Inhalte und Werke auf diesen Seiten unterliegen dem deutschen Urheberrecht. Die Vervielf\u00e4ltigung, Bearbeitung, Verbreitung und jede Art der Verwertung au\u00dferhalb der Grenzen des Urheberrechtes bed\u00fcrfen der schriftlichen Zustimmung des jeweiligen Autors bzw. Erstellers. Downloads und Kopien dieser Seite sind nur f\u00fcr den privaten, nicht kommerziellen Gebrauch gestattet.<\/p>\n<p>Soweit die Inhalte auf dieser Seite nicht vom Betreiber erstellt wurden, werden die Urheberrechte Dritter beachtet. Insbesondere werden Inhalte Dritter als solche gekennzeichnet. Sollten Sie trotzdem auf eine Urheberrechtsverletzung aufmerksam werden, bitten wir um einen entsprechenden Hinweis. Bei Bekanntwerden von Rechtsverletzungen werden wir derartige Inhalte umgehend entfernen.<br \/>\nQuelle:\u00a0<a href=\"https:\/\/www.e-recht24.de\/impressum-generator.html\">www.e-recht24.de<\/a><\/p>\n\n\t\t<\/div>\n\t<\/div>\n\t\t<\/div>\n\t<\/div>\n<\/div>\n\n\n\n\t\t\n\t <\/div> <\/div>\n\n\n\n\n\n\n\n\n\n\n\n<div data-vc-full-width=\"true\" data-vc-full-width-init=\"false\" class=\"tm-row wpb_row vc_row-fluid tm-responsive-custom-50013824 vc_column-gap-default break-991-colum tm-zindex-0 tm-bgcolor-grey tm-bgimage-position-center_center\">\n\n\t\t\n\t <div class=\"vc_row container vc_column-gap-default\"> \t\n\t\t\n\n<div class=\"wpb_column tm-column vc_column_container vc_col-sm-4 tm-colum-shadow-box tm-zindex-0\">\n\t<div class=\"vc_column-inner\">\n\t\t\t\t<div class=\"wpb_wrapper\">\n\t\t\t<div class=\"themetechmount-iconbox themetechmount-iconbox-stylenine vc_custom_1686753200827\">\n\t<div class=\"themetechmount-iconbox-inner tm-boxicon-small tm-iconstyle-rounded-less\">\n\t\t<div class=\"tm-iconbox-wrapper tm-wrap\">\n\t\t\t<div class=\"themetechmount-iconbox-icon tm-wrap-cell\">\n\t\t\t\t<div class=\"tm-box-icon\"><i class=\"themifyicon ti-email\"><\/i><\/div>\t\n\t\t\t<\/div>\n\t\t\t<div class=\"themetechmount-iconbox-heading tm-wrap-cell\">\n\t\t\t\t<div class=\"tm-vc_general tm-vc_cta3 tm-cta3-only tm-vc_cta3-style-classic tm-vc_cta3-shape-rounded tm-vc_cta3-align-left tm-vc_cta3-color-transparent tm-vc_cta3-icon-size-md tm-vc_cta3-actions-no tm-cta3-without-desc\"><div class=\"tm-vc_cta3_content-container\"><div class=\"tm-vc_cta3-content\"><header class=\"tm-vc_cta3-content-header tm-wrap\"><div class=\"tm-vc_cta3-headers tm-wrap-cell\"><h2 class=\"tm-custom-heading\">Email address<\/h2>\n<\/div><div class=\"heading-seperator\"><span><\/span><\/div><\/header><\/div><\/div><\/div>\t\t\t\t\t<div class=\"tm-iconbox-boxcontent\">\t\t\t\n\t\t\t\t\t<div class=\"tm-cta3-content-wrapper\">info@signex-poland.eu<\/div>\t\t\t\t\t<\/div>\n\t\t\t<\/div>\t\n\t\t<\/div>\n\t<\/div>\t\n<\/div>\n\t\t<\/div>\n\t<\/div>\n<\/div>\n\n\n\n\n\n<div class=\"wpb_column tm-column vc_column_container vc_col-sm-4 tm-colum-shadow-box tm-zindex-0\">\n\t<div class=\"vc_column-inner\">\n\t\t\t\t<div class=\"wpb_wrapper\">\n\t\t\t<div class=\"themetechmount-iconbox themetechmount-iconbox-stylenine vc_custom_1686753227823\">\n\t<div class=\"themetechmount-iconbox-inner tm-boxicon-small tm-iconstyle-rounded-less\">\n\t\t<div class=\"tm-iconbox-wrapper tm-wrap\">\n\t\t\t<div class=\"themetechmount-iconbox-icon tm-wrap-cell\">\n\t\t\t\t<div class=\"tm-box-icon\"><i class=\"themifyicon ti-location-pin\"><\/i><\/div>\t\n\t\t\t<\/div>\n\t\t\t<div class=\"themetechmount-iconbox-heading tm-wrap-cell\">\n\t\t\t\t<div class=\"tm-vc_general tm-vc_cta3 tm-cta3-only tm-vc_cta3-style-classic tm-vc_cta3-shape-rounded tm-vc_cta3-align-left tm-vc_cta3-color-transparent tm-vc_cta3-icon-size-md tm-vc_cta3-actions-no tm-cta3-without-desc\"><div class=\"tm-vc_cta3_content-container\"><div class=\"tm-vc_cta3-content\"><header class=\"tm-vc_cta3-content-header tm-wrap\"><div class=\"tm-vc_cta3-headers tm-wrap-cell\"><h2 class=\"tm-custom-heading\">Address<\/h2>\n<\/div><div class=\"heading-seperator\"><span><\/span><\/div><\/header><\/div><\/div><\/div>\t\t\t\t\t<div class=\"tm-iconbox-boxcontent\">\t\t\t\n\t\t\t\t\t<div class=\"tm-cta3-content-wrapper\">ul. Baczy\u0144skiego 4c\/3<br \/>\n05-092 \u0141omianki Poland<\/div>\t\t\t\t\t<\/div>\n\t\t\t<\/div>\t\n\t\t<\/div>\n\t<\/div>\t\n<\/div>\n\t\t<\/div>\n\t<\/div>\n<\/div>\n\n\n\n\n\n<div class=\"wpb_column tm-column vc_column_container vc_col-sm-4 tm-colum-shadow-box tm-zindex-0\">\n\t<div class=\"vc_column-inner\">\n\t\t\t\t<div class=\"wpb_wrapper\">\n\t\t\t<div class=\"themetechmount-iconbox themetechmount-iconbox-stylenine vc_custom_1687349857930\">\n\t<div class=\"themetechmount-iconbox-inner tm-boxicon-small tm-iconstyle-rounded-less\">\n\t\t<div class=\"tm-iconbox-wrapper tm-wrap\">\n\t\t\t<div class=\"themetechmount-iconbox-icon tm-wrap-cell\">\n\t\t\t\t<div class=\"tm-box-icon\"><i class=\"themifyicon ti-alarm-clock\"><\/i><\/div>\t\n\t\t\t<\/div>\n\t\t\t<div class=\"themetechmount-iconbox-heading tm-wrap-cell\">\n\t\t\t\t<div class=\"tm-vc_general tm-vc_cta3 tm-cta3-only tm-vc_cta3-style-classic tm-vc_cta3-shape-rounded tm-vc_cta3-align-left tm-vc_cta3-color-transparent tm-vc_cta3-icon-size-md tm-vc_cta3-actions-no tm-cta3-without-desc\"><div class=\"tm-vc_cta3_content-container\"><div class=\"tm-vc_cta3-content\"><header class=\"tm-vc_cta3-content-header tm-wrap\"><div class=\"tm-vc_cta3-headers tm-wrap-cell\"><h2 class=\"tm-custom-heading\">Office<\/h2>\n<\/div><div class=\"heading-seperator\"><span><\/span><\/div><\/header><\/div><\/div><\/div>\t\t\t\t\t<div class=\"tm-iconbox-boxcontent\">\t\t\t\n\t\t\t\t\t<div class=\"tm-cta3-content-wrapper\">Mo \u2013 Fr: 8:00 \u2013 16:00<\/div>\t\t\t\t\t<\/div>\n\t\t\t<\/div>\t\n\t\t<\/div>\n\t<\/div>\t\n<\/div>\n\t\t<\/div>\n\t<\/div>\n<\/div>\n\n\n\n\t\t\n\t <\/div> <\/div>\n\n\n<div class=\"vc_row-full-width vc_clearfix\"><\/div>\n<\/div>","protected":false},"excerpt":{"rendered":"Impressum Signex-Poland Sp.z o.o. Gesch\u00e4ftsf\u00fchrung: Christian Mrazek ul. W\u00f3lczy\u0144ska 65\/46 \u00a0\u00a001-931 Warszawa Fon: +48 \u00a0791 304405 E-Mail:\u00a0christian.mrazek@signex-poland.eu Umsatzsteuer-Identifikations-Nr. NIP:\u00a0\u00a0\u00a0\u00a0\u00a0\u00a0\u00a0\u00a0\u00a0\u00a0\u00a0\u00a0\u00a0 1182158930 EU VAT ID:\u00a0\u00a0\u00a0\u00a0 PL1182158930 KRS:\u00a0\u00a0\u00a0\u00a0\u00a0\u00a0\u00a0\u00a0\u00a0\u00a0\u00a0\u00a0\u00a0 0000706457 XII Wydzia\u0142 Gospodarczy S\u0105du Rejonowego Warszawy Kapita\u0142 zak\u0142adowy: 20 000 PLN REGON: \u00a0\u00a0\u00a0\u00a0\u00a0\u00a0\u00a0 36885240700000 Inhaltlich Verantwortliche gem\u00e4\u00df \u00a7 10 Absatz 3\u00a0MDStV: Christian Mrazek Haftung f\u00fcr Inhalte Als Diensteanbieter sind &hellip; <a href=\"https:\/\/signex-poland.eu\/en\/impressum\/\" class=\"more-link\">Continue reading <span class=\"screen-reader-text\">Impressum<\/span><\/a>","protected":false},"author":1,"featured_media":0,"parent":0,"menu_order":14,"comment_status":"closed","ping_status":"closed","template":"","meta":{"footnotes":""},"class_list":["post-2539","page","type-page","status-publish","hentry"],"_links":{"self":[{"href":"https:\/\/signex-poland.eu\/en\/wp-json\/wp\/v2\/pages\/2539","targetHints":{"allow":["GET"]}}],"collection":[{"href":"https:\/\/signex-poland.eu\/en\/wp-json\/wp\/v2\/pages"}],"about":[{"href":"https:\/\/signex-poland.eu\/en\/wp-json\/wp\/v2\/types\/page"}],"author":[{"embeddable":true,"href":"https:\/\/signex-poland.eu\/en\/wp-json\/wp\/v2\/users\/1"}],"replies":[{"embeddable":true,"href":"https:\/\/signex-poland.eu\/en\/wp-json\/wp\/v2\/comments?post=2539"}],"version-history":[{"count":4,"href":"https:\/\/signex-poland.eu\/en\/wp-json\/wp\/v2\/pages\/2539\/revisions"}],"predecessor-version":[{"id":2629,"href":"https:\/\/signex-poland.eu\/en\/wp-json\/wp\/v2\/pages\/2539\/revisions\/2629"}],"wp:attachment":[{"href":"https:\/\/signex-poland.eu\/en\/wp-json\/wp\/v2\/media?parent=2539"}],"curies":[{"name":"wp","href":"https:\/\/api.w.org\/{rel}","templated":true}]}}