{"id":2625,"date":"2023-09-29T12:57:52","date_gmt":"2023-09-29T12:57:52","guid":{"rendered":"https:\/\/signex-poland.eu\/?page_id=2625"},"modified":"2023-09-29T13:00:46","modified_gmt":"2023-09-29T13:00:46","slug":"agb","status":"publish","type":"page","link":"https:\/\/signex-poland.eu\/en\/agb\/","title":{"rendered":"AGB"},"content":{"rendered":"<div class=\"wpb-content-wrapper\"><div class=\"tm-row wpb_row vc_row-fluid vc_custom_1598517463448 tm-responsive-custom-76813591 vc_column-gap-default break-991-colum tm-zindex-0 vc_row container tm-bgimage-position-center_center\">\n\n\t\t\n\t <div class=\"vc_column-gap-default\"> \t\n\t\t\n\n<div class=\"wpb_column tm-column vc_column_container vc_col-sm-12 tm-zindex-0\">\n\t<div class=\"vc_column-inner\">\n\t\t\t\t<div class=\"wpb_wrapper\">\n\t\t\t<div class=\"tm-element-heading-wrapper tm-heading-inner tm-element-align-center tm-seperator-solid tm-heading-style-vertical  vc_custom_1695992288179\"><section class=\"tm-vc_cta3-container\"><div class=\"tm-vc_general tm-vc_cta3 tm-cta3-only tm-vc_cta3-style-classic tm-vc_cta3-shape-rounded tm-vc_cta3-align-center tm-vc_cta3-color-transparent tm-vc_cta3-icon-size-md tm-vc_cta3-actions-no tm-cta3-without-desc\"><div class=\"tm-vc_cta3_content-container\"><div class=\"tm-vc_cta3-content\"><header class=\"tm-vc_cta3-content-header tm-wrap\"><div class=\"tm-vc_cta3-headers tm-wrap-cell\"><h2 class=\"tm-custom-heading\" >AGB<\/h2>\n<\/div><div class=\"heading-seperator\"><span><\/span><\/div><\/header><\/div><\/div><\/div><\/section><\/div> <!-- .tm-element-heading-wrapper container --> \n\t<div class=\"wpb_text_column wpb_content_element\" >\n\t\t<div class=\"wpb_wrapper\">\n\t\t\t<p>1. ALLGEMEINES<br \/>\na. Die vorliegenden Allgemeinen Gesch\u00e4ftsbedingungen gelten f\u00fcr s\u00e4mtliche Angebote, Bestellungen, Lieferungen, Reklamationen und \u00fcbrigen Transaktionen zwischen dem Auftraggeber und Signex-Poland Sp. z o.o. (im Weitern Auftragnehmer) sofern in den entsprechenden Dokumenten keine abweichenden Vereinbarungen getroffen wurden.<br \/>\nb. Der Auftraggeber akzeptiert vollinhaltlich diese Bedingungen der Allgemeinen Gesch\u00e4ftsbedingungen, auch wenn seine eigenen AGBs in diesen Punkten von diesen abweichen sollten.<\/p>\n<p>2. ANGEBOTE<br \/>\na. Angebote sind 30 Tage ab Ausstellungsdatum oder \u00c4nderung g\u00fcltig.<br \/>\nb. Die angegebenen Preise sind Nettopreise, zuz\u00fcglich der polnischen Mehrwertsteuer und es gelten bei Exportgesch\u00e4ften in die EU oder Drittl\u00e4nder die f\u00fcr die jeweilige Transaktion anzuwendenden Steuer- und Zollvorschriften.<br \/>\nc. Die Preise basieren auf der Grundlage der (mit der Anfrage bereitgestellten) grafischen Materialien und Informationen berechnet und k\u00f6nnen sich nach \u00dcbermittlung der endg\u00fcltigen grafischen Materialien und technischen Spezifikationen \u00e4ndern.<br \/>\nd. Die Preisberechnung basiert auf Pulverbeschichtung in den Farben RAL K7 Classic und der Verwendung von wei\u00dfem PMMA. Bei Folien ist die Berechnungsgrundlage der ORACAL 8500 F\u00e4cher. Abweichende Farben, Lackierungen, Folierungen und Technologien sind ggf gegen Aufpreis m\u00f6glich.<br \/>\ne. Die Kosten f\u00fcr statische Berechnungen, Montage und erforderliche Genehmigungen sind in den Preisen nicht enthalten.<br \/>\nf. Montageangebote umfassen An- und Abreise, Unterkunft, Arbeitskr\u00e4fte und notwendige Hilfsmaterialien. Die Vorbereitung der Fassade bzw. des Gel\u00e4ndes obliegt dem Auftraggeber. Mit der Freigabe zur Montage \u00fcbernimmt der Auftraggeber das Risiko und die Verantwortung f\u00fcr Sch\u00e4den, die aus einer Fehlerhaften Vorbereitung f\u00fcr die Montage entstehen. Das Einholen entsprechender Genehmigungen sowie die Kosten f\u00fcr Aufz\u00fcge und Aufz\u00fcge sind nicht im Angebot enthalten und obliegen dem Auftraggeber. Bei den Montagepriesen handelt es sich in der Regel um Sch\u00e4tzungen, die auf den zum Zeitpunkt der Angebotserstellung bereitgestellten Daten basieren.<br \/>\ng. Die im Angebot angegebenen Termine sind freibleibend und unterliegen der Verifizierung zum Zeitpunkt der Auftragserteilung.<br \/>\nh. Die Zahlungsbedingungen richten sich nach dem Abrechnungsstand am Tag der Angebotsabgabe und unterliegen einer Verifizierung zum Zeitpunkt der Bestellung.<br \/>\ni. Transportkosten werden vom Auftragnehmer vorgeschlagen und stellen die Maximalkosten dar. Die Speditionstransporte werden dem CMR-\u00dcbereinkommen durchgef\u00fchrt. Andere Transportm\u00f6glichkeiten (z. B. UPS oder andere Kurierdienste) erfolgen auf Gefahr des K\u00e4ufers und auf Basis der Versandbedingungen des ausgew\u00e4hlten Frachtf\u00fchrers<br \/>\nj. S\u00e4mtliche \u00c4nderungen und Aktualisierungen der Angebote bed\u00fcrfen der Schriftform. Vereinbarungen, die nicht per E-Mail erfolgen (also per Telefon, WhatsApp etc.), bed\u00fcrfen der Best\u00e4tigung des Anbieters per E-Mail.<\/p>\n<p>3. AUFTRAGSUMSETZUNG<br \/>\na. Auftr\u00e4ge bed\u00fcrfen der Schriftform auf dem vom Auftragnehmer erstellten Bestellformular und enthalten eine Zusammenfassung der vom Auftraggeber erhaltenen Informationen und technischen Annahmen sowie den vorgeschlagenen Fertigstellungstermin.<br \/>\nb. Der Kunde best\u00e4tigt mit seiner Unterschrift, dass diese Angaben und die Anlagen korrekt sind und \u00fcbernimmt gleichzeitig die Haftung f\u00fcr eventuelle Fehler.<br \/>\nc. Auf der Grundlage des vom Kunden unterzeichneten Bestellformulars nimmt der Auftragnehmer die Bestellung an und best\u00e4tigt verbindlich den Fertigstellungstermin.<br \/>\nd. Die Best\u00e4tigung des Auftrags zur Ausf\u00fchrung durch den Auftragnehmer erfolgt im Moment des Einlangens der vollst\u00e4ndigen technischen Dokumentation, der unterzeichneten Bestellung des Auftraggebers und einer allf\u00e4lligen Anzahlung (oder \u00dcberweisungsbest\u00e4tigung) durch Gegenzeichnung durch den Auftragnehmer auf dem Bestellformular.<br \/>\ne. Der Auftrag wird erst mit der Best\u00e4tigung durch den Auftragnehmer verbindlich.<br \/>\nf. S\u00e4mtliche \u00c4nderungen und Aktualisierungen bed\u00fcrfen der Schriftform. Vereinbarungen, die nicht per E-Mail erfolgen (also per Telefon, WhatsApp etc.), bed\u00fcrfen der Zustimmung des Auftragnehmers per E-Mail.<br \/>\ng. Die bereitgestellten Materialien sowie die vom Auftraggeber zur Verf\u00fcgung gestellten Daten unterliegen nicht der Pr\u00fcfung durch den Auftragnehmers. F\u00fcr die Richtigkeit der in der Bestellung enthaltenen Angaben ist der Auftraggeber verantwortlich, etwaige Fehler gehen seinen zu Lasten.<br \/>\nh. Bei Abweichungen zwischen der Beschreibung und der technischen Datei gelten die Ma\u00dfe aus der Datei.<br \/>\ni. Nachtr\u00e4gliche \u00c4nderungen oder Korrekturen erfordern eine Neuberechnung des Preises und die Festlegung eines neuen Fertigstellungstermins. Der Auftraggeber akzeptiert, dass diese \u00c4nderungen der Bestellung mit Mehrkosten und Termin\u00e4nderungen verbunden sein k\u00f6nnen<br \/>\nj. Die Daten sollten so erstellt werden, dass kein Eingreifen seitens des Auftragnehmers erforderlich ist. Sofern Korrekturen oder \u00c4nderungen erforderlich sind, wird der Auftragnehmer auf Kosten des Auftraggebers Korrekturen verlangen oder Korrekturvorschl\u00e4ge machen.<br \/>\nk. Im Falle einer Aussetzung der Bestellung oder eines R\u00fccktritts tr\u00e4gt der Auftraggeber alle Kosten der bereits durchgef\u00fchrten Arbeiten, einschlie\u00dflich der Kosten f\u00fcr die Lagerung von Halbfertigprodukten, der Kosten f\u00fcr deren Lieferung an den Auftraggeber oder der Kosten f\u00fcr deren Entsorgung.<br \/>\nl. Bei voraussichtlichen Lieferverz\u00f6gerungen verpflichtet sich der Auftragnehmer, den Auftraggeber unverz\u00fcglich \u00fcber die Umst\u00e4nde der Verz\u00f6gerung zu informieren, um eine gemeinsame L\u00f6sung des Problems zu vereinbaren.<\/p>\n<p>4. LIEFERUNG<br \/>\na. Lieferungen durch Dritte erfolgen gem\u00e4\u00df den in der Bestellung enthaltenen Bestimmungen und richten sich nach dem CMR-Abkommen bzw. den Bedingungen der Kurierunternehmen.<br \/>\nb. Die Bestellung gilt zum Zeitpunkt der \u00dcbergabe der Ware an den Spediteur (bei Transport durch Dritte), zum Zeitpunkt der pers\u00f6nlichen Abholung durch den Besteller oder zum Zeitpunkt der Lieferung durch den Auftragnehmer als abgeschlossen.<br \/>\nc. Verweigert der Auftraggeber die Annahme der Ware, kann der Auftragnehmer dem Auftraggeber Lagerkosten in Rechnung stellen. Erfolgt die Abnahme nicht innerhalb von 2 Monaten nach Rechnungsstellung, berechnet der Auftragnehmer dem Auftraggeber die polnische Mehrwertsteuer in H\u00f6he von 23 %, berechnet \u201ein Hundert\u201c. Dieser Betrag wird dem Kunden innerhalb von 30 Tagen ab erfolgter Lieferung zur\u00fcckerstattet.<br \/>\nd. Der Empf\u00e4nger ist verpflichtet, die Ware bei Erhalt im Beisein des Spediteurs zu pr\u00fcfen und etwaige sichtbare Sch\u00e4den (Verpackungssch\u00e4den, Dellen, Risse, Lackverlust etc.) in den Transportpapieren zu dokumentieren. Der Empf\u00e4nger nimmt zur Kenntnis, dass eine sp\u00e4tere Schadensmeldung nicht ber\u00fccksichtigt wird.<br \/>\ne. Verborgene Sch\u00e4den m\u00fcssen zum Zeitpunkt ihrer Offenlegung unter Beif\u00fcgung einer Fotodokumentation gemeldet werden.<br \/>\nf. Der Auftragnehmer hat 7 Werktage Zeit, um die Reklamation zu pr\u00fcfen. W\u00e4hrend dieser Zeit erfolgen alle vom Kunden vorgenommenen Handlungen auf sein Risiko und k\u00f6nnen Auswirkungen auf den Gew\u00e4hrleistungsanspruch haben.<br \/>\ng. Durch die Einreichung einer Reklamation wird die Zahlungsfrist nicht ausgesetzt.<\/p>\n<p>5. ZAHLUNGEN<br \/>\na. Die Ware bleibt bis zur vollst\u00e4ndigen Bezahlung Eigentum des Auftragnehmers.<br \/>\nb. Der vereinbarte Skonto gilt unter der Voraussetzung, dass der Zahlungsbetrag bis zu dem auf der Rechnung angegebenen Datum eingeht bzw. gutgeschrieben wird. Ungerechtfertigt abgezogener Skonto wird nachgefordert.<br \/>\nc. Bei \u00dcberschreitung der Zahlungsfrist ist der Auftragnehmer berechtigt, gesetzliche Verzugszinsen gem\u00e4\u00df den im Land des Empf\u00e4ngers geltenden S\u00e4tzen zu berechnen.<br \/>\nd. Bleibt die Forderung trotz erster Zahlungsaufforderung nach Ablauf von 7 Tagen unbezahlt, ist der Auftragnehmer berechtigt, die laufende Produktion einzustellen und alle laufenden Forderungen, unabh\u00e4ngig von zuvor vereinbarten Zahlungszielen, bis zur Begleichung f\u00e4llig zu stellen. Gleichzeitig ist der Auftragnehmer in diesem Falle Berechtigt Punkt 3.k. anzuwenden.<br \/>\ne. Ist die Ausstellung einer zweiten oder mehrerer Zahlungsaufforderungen erforderlich, werden f\u00fcr jede dieser Zahlungsaufforderung 40,00 EUR zu den gesetzlichen Zinsen hinzugerechnet.<\/p>\n<p>6. SCHLUSSBESTIMMUNGEN<br \/>\na. In Angelegenheiten, die nicht in diesen Allgemeinen Gesch\u00e4ftsbedingungen geregelt sind, gilt das polnische Zivilrecht.<br \/>\nb. Als Gerichtsstandort f\u00fcr allf\u00e4llige Streitigkeiten gilt der jeweilige Gerichtsstandort des Beklagen als vereinbart.<\/p>\n\n\t\t<\/div>\n\t<\/div>\n\t\t<\/div>\n\t<\/div>\n<\/div>\n\n\n\n\t\t\n\t <\/div> <\/div>\n\n\n\n\n\n\n\n\n\n\n\n<div data-vc-full-width=\"true\" data-vc-full-width-init=\"false\" class=\"tm-row wpb_row vc_row-fluid tm-responsive-custom-50013824 vc_column-gap-default break-991-colum tm-zindex-0 tm-bgcolor-grey tm-bgimage-position-center_center\">\n\n\t\t\n\t <div class=\"vc_row container vc_column-gap-default\"> \t\n\t\t\n\n<div class=\"wpb_column tm-column vc_column_container vc_col-sm-4 tm-colum-shadow-box tm-zindex-0\">\n\t<div class=\"vc_column-inner\">\n\t\t\t\t<div class=\"wpb_wrapper\">\n\t\t\t<div class=\"themetechmount-iconbox themetechmount-iconbox-stylenine vc_custom_1686753200827\">\n\t<div class=\"themetechmount-iconbox-inner tm-boxicon-small tm-iconstyle-rounded-less\">\n\t\t<div class=\"tm-iconbox-wrapper tm-wrap\">\n\t\t\t<div class=\"themetechmount-iconbox-icon tm-wrap-cell\">\n\t\t\t\t<div class=\"tm-box-icon\"><i class=\"themifyicon ti-email\"><\/i><\/div>\t\n\t\t\t<\/div>\n\t\t\t<div class=\"themetechmount-iconbox-heading tm-wrap-cell\">\n\t\t\t\t<div class=\"tm-vc_general tm-vc_cta3 tm-cta3-only tm-vc_cta3-style-classic tm-vc_cta3-shape-rounded tm-vc_cta3-align-left tm-vc_cta3-color-transparent tm-vc_cta3-icon-size-md tm-vc_cta3-actions-no tm-cta3-without-desc\"><div class=\"tm-vc_cta3_content-container\"><div class=\"tm-vc_cta3-content\"><header class=\"tm-vc_cta3-content-header tm-wrap\"><div class=\"tm-vc_cta3-headers tm-wrap-cell\"><h2 class=\"tm-custom-heading\">Email address<\/h2>\n<\/div><div class=\"heading-seperator\"><span><\/span><\/div><\/header><\/div><\/div><\/div>\t\t\t\t\t<div class=\"tm-iconbox-boxcontent\">\t\t\t\n\t\t\t\t\t<div class=\"tm-cta3-content-wrapper\">info@signex-poland.eu<\/div>\t\t\t\t\t<\/div>\n\t\t\t<\/div>\t\n\t\t<\/div>\n\t<\/div>\t\n<\/div>\n\t\t<\/div>\n\t<\/div>\n<\/div>\n\n\n\n\n\n<div class=\"wpb_column tm-column vc_column_container vc_col-sm-4 tm-colum-shadow-box tm-zindex-0\">\n\t<div class=\"vc_column-inner\">\n\t\t\t\t<div class=\"wpb_wrapper\">\n\t\t\t<div class=\"themetechmount-iconbox themetechmount-iconbox-stylenine vc_custom_1686753227823\">\n\t<div class=\"themetechmount-iconbox-inner tm-boxicon-small tm-iconstyle-rounded-less\">\n\t\t<div class=\"tm-iconbox-wrapper tm-wrap\">\n\t\t\t<div class=\"themetechmount-iconbox-icon tm-wrap-cell\">\n\t\t\t\t<div class=\"tm-box-icon\"><i class=\"themifyicon ti-location-pin\"><\/i><\/div>\t\n\t\t\t<\/div>\n\t\t\t<div class=\"themetechmount-iconbox-heading tm-wrap-cell\">\n\t\t\t\t<div class=\"tm-vc_general tm-vc_cta3 tm-cta3-only tm-vc_cta3-style-classic tm-vc_cta3-shape-rounded tm-vc_cta3-align-left tm-vc_cta3-color-transparent tm-vc_cta3-icon-size-md tm-vc_cta3-actions-no tm-cta3-without-desc\"><div class=\"tm-vc_cta3_content-container\"><div class=\"tm-vc_cta3-content\"><header class=\"tm-vc_cta3-content-header tm-wrap\"><div class=\"tm-vc_cta3-headers tm-wrap-cell\"><h2 class=\"tm-custom-heading\">Address<\/h2>\n<\/div><div class=\"heading-seperator\"><span><\/span><\/div><\/header><\/div><\/div><\/div>\t\t\t\t\t<div class=\"tm-iconbox-boxcontent\">\t\t\t\n\t\t\t\t\t<div class=\"tm-cta3-content-wrapper\">ul. Baczy\u0144skiego 4c\/3<br \/>\n05-092 \u0141omianki Poland<\/div>\t\t\t\t\t<\/div>\n\t\t\t<\/div>\t\n\t\t<\/div>\n\t<\/div>\t\n<\/div>\n\t\t<\/div>\n\t<\/div>\n<\/div>\n\n\n\n\n\n<div class=\"wpb_column tm-column vc_column_container vc_col-sm-4 tm-colum-shadow-box tm-zindex-0\">\n\t<div class=\"vc_column-inner\">\n\t\t\t\t<div class=\"wpb_wrapper\">\n\t\t\t<div class=\"themetechmount-iconbox themetechmount-iconbox-stylenine vc_custom_1687349857930\">\n\t<div class=\"themetechmount-iconbox-inner tm-boxicon-small tm-iconstyle-rounded-less\">\n\t\t<div class=\"tm-iconbox-wrapper tm-wrap\">\n\t\t\t<div class=\"themetechmount-iconbox-icon tm-wrap-cell\">\n\t\t\t\t<div class=\"tm-box-icon\"><i class=\"themifyicon ti-alarm-clock\"><\/i><\/div>\t\n\t\t\t<\/div>\n\t\t\t<div class=\"themetechmount-iconbox-heading tm-wrap-cell\">\n\t\t\t\t<div class=\"tm-vc_general tm-vc_cta3 tm-cta3-only tm-vc_cta3-style-classic tm-vc_cta3-shape-rounded tm-vc_cta3-align-left tm-vc_cta3-color-transparent tm-vc_cta3-icon-size-md tm-vc_cta3-actions-no tm-cta3-without-desc\"><div class=\"tm-vc_cta3_content-container\"><div class=\"tm-vc_cta3-content\"><header class=\"tm-vc_cta3-content-header tm-wrap\"><div class=\"tm-vc_cta3-headers tm-wrap-cell\"><h2 class=\"tm-custom-heading\">Office<\/h2>\n<\/div><div class=\"heading-seperator\"><span><\/span><\/div><\/header><\/div><\/div><\/div>\t\t\t\t\t<div class=\"tm-iconbox-boxcontent\">\t\t\t\n\t\t\t\t\t<div class=\"tm-cta3-content-wrapper\">Mo \u2013 Fr: 8:00 \u2013 16:00<\/div>\t\t\t\t\t<\/div>\n\t\t\t<\/div>\t\n\t\t<\/div>\n\t<\/div>\t\n<\/div>\n\t\t<\/div>\n\t<\/div>\n<\/div>\n\n\n\n\t\t\n\t <\/div> <\/div>\n\n\n<div class=\"vc_row-full-width vc_clearfix\"><\/div>\n<\/div>","protected":false},"excerpt":{"rendered":"AGB 1. ALLGEMEINES a. Die vorliegenden Allgemeinen Gesch\u00e4ftsbedingungen gelten f\u00fcr s\u00e4mtliche Angebote, Bestellungen, Lieferungen, Reklamationen und \u00fcbrigen Transaktionen zwischen dem Auftraggeber und Signex-Poland Sp. z o.o. (im Weitern Auftragnehmer) sofern in den entsprechenden Dokumenten keine abweichenden Vereinbarungen getroffen wurden. b. Der Auftraggeber akzeptiert vollinhaltlich diese Bedingungen der Allgemeinen Gesch\u00e4ftsbedingungen, auch wenn seine eigenen AGBs in &hellip; <a href=\"https:\/\/signex-poland.eu\/en\/agb\/\" class=\"more-link\">Continue reading <span class=\"screen-reader-text\">AGB<\/span><\/a>","protected":false},"author":1,"featured_media":0,"parent":0,"menu_order":14,"comment_status":"closed","ping_status":"closed","template":"","meta":{"footnotes":""},"class_list":["post-2625","page","type-page","status-publish","hentry"],"_links":{"self":[{"href":"https:\/\/signex-poland.eu\/en\/wp-json\/wp\/v2\/pages\/2625","targetHints":{"allow":["GET"]}}],"collection":[{"href":"https:\/\/signex-poland.eu\/en\/wp-json\/wp\/v2\/pages"}],"about":[{"href":"https:\/\/signex-poland.eu\/en\/wp-json\/wp\/v2\/types\/page"}],"author":[{"embeddable":true,"href":"https:\/\/signex-poland.eu\/en\/wp-json\/wp\/v2\/users\/1"}],"replies":[{"embeddable":true,"href":"https:\/\/signex-poland.eu\/en\/wp-json\/wp\/v2\/comments?post=2625"}],"version-history":[{"count":3,"href":"https:\/\/signex-poland.eu\/en\/wp-json\/wp\/v2\/pages\/2625\/revisions"}],"predecessor-version":[{"id":2628,"href":"https:\/\/signex-poland.eu\/en\/wp-json\/wp\/v2\/pages\/2625\/revisions\/2628"}],"wp:attachment":[{"href":"https:\/\/signex-poland.eu\/en\/wp-json\/wp\/v2\/media?parent=2625"}],"curies":[{"name":"wp","href":"https:\/\/api.w.org\/{rel}","templated":true}]}}