{"id":2739,"date":"2024-08-19T10:38:00","date_gmt":"2024-08-19T10:38:00","guid":{"rendered":"https:\/\/signex-poland.eu\/?post_type=product&#038;p=2739"},"modified":"2024-08-23T07:38:03","modified_gmt":"2024-08-23T07:38:03","slug":"papier","status":"publish","type":"product","link":"https:\/\/signex-poland.eu\/en\/product\/papier\/","title":{"rendered":"Papier"},"content":{"rendered":"<div class=\"wpb-content-wrapper\">\n\n\n\n<div class=\"tm-row wpb_row vc_row-fluid vc_column-gap-default tm-zindex-0 vc_row container tm-bgimage-position-center_center\">\n\n\t\t\n\t <div class=\"vc_column-gap-default\"> \t\n\t\t\n\n<div class=\"wpb_column tm-column vc_column_container vc_col-sm-12 tm-zindex-0\">\n\t<div class=\"vc_column-inner\">\n\t\t\t\t<div class=\"wpb_wrapper\">\n\t\t\t\t\t<\/div>\n\t<\/div>\n<\/div>\n\n\n\n\t\t\n\t <\/div> <\/div>\n\n\n\n\n\n\n\n\n<\/div>","protected":false},"excerpt":{"rendered":"<p>Unser Angebot reicht vom einfachen Druck einer klassischen Visitenkarte oder eines Flugblatts bis hin zur kreativen Umsetzung von Werbe- und Verkaufsf\u00f6rderungsmaterialien auf Basis von Papieren von au\u00dfergew\u00f6hnlicher Qualit\u00e4t, unkonventionellen Verarbeitungen und Veredelungen, die die Aufmerksamkeit der potenziellen Empf\u00e4nger auf sich ziehen.<\/p>\n[contact-form-7 id=\"f4f2934\" title=\"Papier\"]","protected":false},"featured_media":2757,"comment_status":"closed","ping_status":"closed","template":"","meta":[],"product_cat":[115],"product_tag":[],"class_list":{"0":"post-2739","1":"product","2":"type-product","3":"status-publish","4":"has-post-thumbnail","6":"product_cat-katalog-produktow","9":"instock","10":"product-type-simple"},"_links":{"self":[{"href":"https:\/\/signex-poland.eu\/en\/wp-json\/wp\/v2\/product\/2739","targetHints":{"allow":["GET"]}}],"collection":[{"href":"https:\/\/signex-poland.eu\/en\/wp-json\/wp\/v2\/product"}],"about":[{"href":"https:\/\/signex-poland.eu\/en\/wp-json\/wp\/v2\/types\/product"}],"replies":[{"embeddable":true,"href":"https:\/\/signex-poland.eu\/en\/wp-json\/wp\/v2\/comments?post=2739"}],"wp:featuredmedia":[{"embeddable":true,"href":"https:\/\/signex-poland.eu\/en\/wp-json\/wp\/v2\/media\/2757"}],"wp:attachment":[{"href":"https:\/\/signex-poland.eu\/en\/wp-json\/wp\/v2\/media?parent=2739"}],"wp:term":[{"taxonomy":"product_cat","embeddable":true,"href":"https:\/\/signex-poland.eu\/en\/wp-json\/wp\/v2\/product_cat?post=2739"},{"taxonomy":"product_tag","embeddable":true,"href":"https:\/\/signex-poland.eu\/en\/wp-json\/wp\/v2\/product_tag?post=2739"}],"curies":[{"name":"wp","href":"https:\/\/api.w.org\/{rel}","templated":true}]}}