{"id":2751,"date":"2024-08-21T18:56:49","date_gmt":"2024-08-21T18:56:49","guid":{"rendered":"https:\/\/signex-poland.eu\/?post_type=product&#038;p=2751"},"modified":"2024-08-23T07:37:45","modified_gmt":"2024-08-23T07:37:45","slug":"fussbodenaufkleber","status":"publish","type":"product","link":"https:\/\/signex-poland.eu\/en\/product\/fussbodenaufkleber\/","title":{"rendered":"Fu\u00dfbodenaufkleber"},"content":{"rendered":"<div class=\"wpb-content-wrapper\">\n\n\n\n<div class=\"tm-row wpb_row vc_row-fluid vc_column-gap-default tm-zindex-0 vc_row container tm-bgimage-position-center_center\">\n\n\t\t\n\t <div class=\"vc_column-gap-default\"> \t\n\t\t\n\n<div class=\"wpb_column tm-column vc_column_container vc_col-sm-12 tm-zindex-0\">\n\t<div class=\"vc_column-inner\">\n\t\t\t\t<div class=\"wpb_wrapper\">\n\t\t\t\t\t<\/div>\n\t<\/div>\n<\/div>\n\n\n\n\t\t\n\t <\/div> <\/div>\n\n\n\n\n\n\n\n\n<\/div>","protected":false},"excerpt":{"rendered":"<p>Beliebige Form, Gr\u00f6\u00dfe und Druckauflage. Hervorragende Qualit\u00e4t der Aufkleber, die lange Haltbarkeit und perfektes Aussehen garantiert.<\/p>\n[contact-form-7 id=\"d5aa139\" title=\"Fu\u00dfbodenaufkleber\"]","protected":false},"featured_media":2756,"comment_status":"closed","ping_status":"closed","template":"","meta":[],"product_cat":[115],"product_tag":[],"class_list":{"0":"post-2751","1":"product","2":"type-product","3":"status-publish","4":"has-post-thumbnail","6":"product_cat-katalog-produktow","9":"instock","10":"product-type-simple"},"_links":{"self":[{"href":"https:\/\/signex-poland.eu\/en\/wp-json\/wp\/v2\/product\/2751","targetHints":{"allow":["GET"]}}],"collection":[{"href":"https:\/\/signex-poland.eu\/en\/wp-json\/wp\/v2\/product"}],"about":[{"href":"https:\/\/signex-poland.eu\/en\/wp-json\/wp\/v2\/types\/product"}],"replies":[{"embeddable":true,"href":"https:\/\/signex-poland.eu\/en\/wp-json\/wp\/v2\/comments?post=2751"}],"wp:featuredmedia":[{"embeddable":true,"href":"https:\/\/signex-poland.eu\/en\/wp-json\/wp\/v2\/media\/2756"}],"wp:attachment":[{"href":"https:\/\/signex-poland.eu\/en\/wp-json\/wp\/v2\/media?parent=2751"}],"wp:term":[{"taxonomy":"product_cat","embeddable":true,"href":"https:\/\/signex-poland.eu\/en\/wp-json\/wp\/v2\/product_cat?post=2751"},{"taxonomy":"product_tag","embeddable":true,"href":"https:\/\/signex-poland.eu\/en\/wp-json\/wp\/v2\/product_tag?post=2751"}],"curies":[{"name":"wp","href":"https:\/\/api.w.org\/{rel}","templated":true}]}}