{"id":2760,"date":"2024-08-27T16:45:23","date_gmt":"2024-08-27T16:45:23","guid":{"rendered":"https:\/\/signex-poland.eu\/?post_type=product&#038;p=2760"},"modified":"2024-08-27T16:55:45","modified_gmt":"2024-08-27T16:55:45","slug":"mesh-netting-270g","status":"publish","type":"product","link":"https:\/\/signex-poland.eu\/en\/product\/mesh-netting-270g\/","title":{"rendered":"MESH netting 270g"},"content":{"rendered":"<div class=\"wpb-content-wrapper\">\n\n\n\n<div class=\"tm-row wpb_row vc_row-fluid vc_column-gap-default tm-zindex-0 vc_row container tm-bgimage-position-center_center\">\n\n\t\t\n\t <div class=\"vc_column-gap-default\"> \t\n\t\t\n\n<div class=\"wpb_column tm-column vc_column_container vc_col-sm-12 tm-zindex-0\">\n\t<div class=\"vc_column-inner\">\n\t\t\t\t<div class=\"wpb_wrapper\">\n\t\t\t\n\t<div class=\"wpb_text_column wpb_content_element\" >\n\t\t<div class=\"wpb_wrapper\">\n\t\t\t<p>Material: PVC-Gewebe mit Verflechtung (zur Erh\u00f6hung der Festigkeit), mit Unterlage<\/p>\n<p>Gewicht: 270g\/m2<\/p>\n<p>Zugfestigkeit: 1250\/1400 N\/5cm<\/p>\n<p>Rei\u00dffestigkeit: 300\/300 N\/5cm<\/p>\n<p>Haltbarkeit: Gewebe und Druck bis zu 4 Jahre<\/p>\n<p>Eigenschaften: hohe Rei\u00dffestigkeit, B1 und ITB Brennbarkeitszertifikat<\/p>\n<p>Verwendung: kurzfristige Au\u00dfenwerbung &#8211; Grafiken auf Ger\u00fcsten und Geb\u00e4udefassaden<\/p>\n\n\t\t<\/div>\n\t<\/div>\n\t\t<\/div>\n\t<\/div>\n<\/div>\n\n\n\n\t\t\n\t <\/div> <\/div>\n\n\n\n\n\n\n\n\n<\/div>","protected":false},"excerpt":{"rendered":"<p>Mesh 270g, allgemein bekannt als Mesh-Banner. Ein leichtes und sehr starkes Material mit einer Netzstruktur. Es l\u00e4sst die Luft frei flie\u00dfen und reduziert den Segeleffekt. MESH Mesh wird haupts\u00e4chlich als gro\u00dfformatiges Display verwendet. Ideal f\u00fcr Bereiche, die Windb\u00f6en ausgesetzt sind.<\/p>\n[contact-form-7 id=\"7e8aaf8\" title=\"Siatka MESH 270g\"]","protected":false},"featured_media":2755,"comment_status":"closed","ping_status":"closed","template":"","meta":[],"product_cat":[115],"product_tag":[],"class_list":{"0":"post-2760","1":"product","2":"type-product","3":"status-publish","4":"has-post-thumbnail","6":"product_cat-katalog-produktow","9":"instock","10":"product-type-simple"},"_links":{"self":[{"href":"https:\/\/signex-poland.eu\/en\/wp-json\/wp\/v2\/product\/2760","targetHints":{"allow":["GET"]}}],"collection":[{"href":"https:\/\/signex-poland.eu\/en\/wp-json\/wp\/v2\/product"}],"about":[{"href":"https:\/\/signex-poland.eu\/en\/wp-json\/wp\/v2\/types\/product"}],"replies":[{"embeddable":true,"href":"https:\/\/signex-poland.eu\/en\/wp-json\/wp\/v2\/comments?post=2760"}],"wp:featuredmedia":[{"embeddable":true,"href":"https:\/\/signex-poland.eu\/en\/wp-json\/wp\/v2\/media\/2755"}],"wp:attachment":[{"href":"https:\/\/signex-poland.eu\/en\/wp-json\/wp\/v2\/media?parent=2760"}],"wp:term":[{"taxonomy":"product_cat","embeddable":true,"href":"https:\/\/signex-poland.eu\/en\/wp-json\/wp\/v2\/product_cat?post=2760"},{"taxonomy":"product_tag","embeddable":true,"href":"https:\/\/signex-poland.eu\/en\/wp-json\/wp\/v2\/product_tag?post=2760"}],"curies":[{"name":"wp","href":"https:\/\/api.w.org\/{rel}","templated":true}]}}